{"id":1923,"date":"2025-11-08T14:28:33","date_gmt":"2025-11-08T13:28:33","guid":{"rendered":"https:\/\/ahi25.detayls-dev.de\/?page_id=1923"},"modified":"2026-01-12T22:58:43","modified_gmt":"2026-01-12T21:58:43","slug":"%d0%b2%d1%8b%d1%85%d0%be%d0%b4%d0%bd%d1%8b%d0%b5-%d0%b4%d0%b0%d0%bd%d0%bd%d1%8b%d0%b5","status":"publish","type":"page","link":"https:\/\/www.anastasiia-immobilien.com\/ru\/%d0%b2%d1%8b%d1%85%d0%be%d0%b4%d0%bd%d1%8b%d0%b5-%d0%b4%d0%b0%d0%bd%d0%bd%d1%8b%d0%b5\/","title":{"rendered":"\u0412\u044b\u0445\u043e\u0434\u043d\u044b\u0435 \u0434\u0430\u043d\u043d\u044b\u0435"},"content":{"rendered":"<p><div class=\"fusion-fullwidth fullwidth-box fusion-builder-row-1 fusion-flex-container has-pattern-background has-mask-background hundred-percent-fullwidth non-hundred-percent-height-scrolling\" style=\"--awb-border-radius-top-left:0px;--awb-border-radius-top-right:0px;--awb-border-radius-bottom-right:0px;--awb-border-radius-bottom-left:0px;--awb-padding-right:0px;--awb-padding-left:0px;--awb-margin-bottom:0px;--awb-min-height:650px;--awb-background-color:var(--awb-color3);--awb-flex-wrap:wrap;\" ><div class=\"fusion-builder-row fusion-row fusion-flex-align-items-stretch fusion-flex-content-wrap\" style=\"width:calc( 100% + 0px ) !important;max-width:calc( 100% + 0px ) !important;margin-left: calc(-0px \/ 2 );margin-right: calc(-0px \/ 2 );\"><div class=\"fusion-layout-column fusion_builder_column fusion-builder-column-0 fusion-flex-column fusion-animated\" style=\"--awb-padding-top:110px;--awb-padding-right:110px;--awb-padding-bottom:110px;--awb-padding-left:20%;--awb-padding-top-medium:75px;--awb-padding-bottom-medium:75px;--awb-padding-top-small:60px;--awb-padding-right-small:60px;--awb-padding-bottom-small:60px;--awb-padding-left-small:60px;--awb-bg-size:cover;--awb-border-color:hsla(var(--awb-color2-h),calc(var(--awb-color2-s) - 30%),calc(var(--awb-color2-l) - 10%),var(--awb-color2-a));--awb-border-style:solid;--awb-width-large:45%;--awb-margin-top-large:0px;--awb-spacing-right-large:0px;--awb-margin-bottom-large:0px;--awb-spacing-left-large:0px;--awb-width-medium:100%;--awb-order-medium:0;--awb-spacing-right-medium:0px;--awb-spacing-left-medium:0px;--awb-width-small:100%;--awb-order-small:2;--awb-spacing-right-small:0px;--awb-spacing-left-small:0px;\" data-animationType=\"fadeInLeft\" data-animationDuration=\"0.6\" data-animationOffset=\"top-into-view\" data-scroll-devices=\"small-visibility,medium-visibility,large-visibility\"><div class=\"fusion-column-wrapper fusion-column-has-shadow fusion-flex-justify-content-center fusion-content-layout-column\"><div class=\"fusion-text fusion-text-1\" style=\"--awb-font-size:var(--awb-typography2-font-size);--awb-line-height:var(--awb-typography2-line-height);--awb-letter-spacing:var(--awb-typography2-letter-spacing);--awb-text-transform:var(--awb-typography2-text-transform);--awb-text-color:var(--awb-color5);--awb-text-font-family:var(--awb-typography2-font-family);--awb-text-font-weight:var(--awb-typography2-font-weight);--awb-text-font-style:var(--awb-typography2-font-style);\"><p>Rechtliches<\/p>\n<\/div><div class=\"fusion-title title fusion-title-1 fusion-sep-none fusion-title-text fusion-title-size-one\" style=\"--awb-margin-top:0px;--awb-margin-bottom:25px;--awb-margin-top-small:0px;\"><h1 class=\"fusion-title-heading title-heading-left\" style=\"margin:0;\">\u0412\u044b\u0445\u043e\u0434\u043d\u044b\u0435 \u0434\u0430\u043d\u043d\u044b\u0435<\/h1><\/div><div class=\"fusion-text fusion-text-2 fusion-text-no-margin\" style=\"--awb-margin-right:15%;--awb-margin-bottom:40px;\"><p>Impressum f\u00fcr anastasiia-immobilien.de<\/p>\n<\/div><\/div><\/div><div class=\"fusion-layout-column fusion_builder_column fusion-builder-column-1 fusion-flex-column fusion-animated\" style=\"--awb-bg-position:center center;--awb-bg-size:cover;--awb-width-large:55%;--awb-margin-top-large:0px;--awb-spacing-right-large:0px;--awb-margin-bottom-large:0px;--awb-spacing-left-large:0px;--awb-width-medium:100%;--awb-order-medium:1;--awb-spacing-right-medium:0px;--awb-spacing-left-medium:0px;--awb-width-small:100%;--awb-order-small:1;--awb-spacing-right-small:0px;--awb-spacing-left-small:0px;\" data-animationType=\"fadeInRight\" data-animationDuration=\"0.9\" data-animationOffset=\"top-into-view\" data-scroll-devices=\"small-visibility,medium-visibility,large-visibility\"><div class=\"fusion-column-wrapper lazyload fusion-column-has-shadow fusion-flex-justify-content-flex-end fusion-content-layout-column fusion-column-has-bg-image\" data-bg-url=\"https:\/\/www.anastasiia-immobilien.com\/wp-content\/uploads\/2025\/11\/moderne-neubausiedlung.jpg\" data-bg=\"https:\/\/www.anastasiia-immobilien.com\/wp-content\/uploads\/2025\/11\/moderne-neubausiedlung.jpg\"><div class=\"fusion-separator fusion-no-large-visibility fusion-full-width-sep\" style=\"align-self: center;margin-left: auto;margin-right: auto;margin-bottom:12vw;width:100%;\"><\/div><div class=\"fusion-separator fusion-no-large-visibility fusion-full-width-sep\" style=\"align-self: center;margin-left: auto;margin-right: auto;margin-top:18vw;width:100%;\"><\/div><\/div><\/div><\/div><\/div><div class=\"fusion-fullwidth fullwidth-box fusion-builder-row-2 fusion-flex-container has-pattern-background has-mask-background nonhundred-percent-fullwidth non-hundred-percent-height-scrolling\" style=\"--awb-border-radius-top-left:0px;--awb-border-radius-top-right:0px;--awb-border-radius-bottom-right:0px;--awb-border-radius-bottom-left:0px;--awb-padding-top:120px;--awb-padding-bottom:120px;--awb-flex-wrap:wrap;\" ><div class=\"fusion-builder-row fusion-row fusion-flex-align-items-flex-start fusion-flex-content-wrap\" style=\"max-width:1456px;margin-left: calc(-4% \/ 2 );margin-right: calc(-4% \/ 2 );\"><div class=\"fusion-layout-column fusion_builder_column fusion-builder-column-2 fusion_builder_column_1_1 1_1 fusion-flex-column\" style=\"--awb-bg-size:cover;--awb-width-large:100%;--awb-margin-top-large:0px;--awb-spacing-right-large:1.92%;--awb-margin-bottom-large:20px;--awb-spacing-left-large:1.92%;--awb-width-medium:100%;--awb-order-medium:0;--awb-spacing-right-medium:1.92%;--awb-spacing-left-medium:1.92%;--awb-width-small:100%;--awb-order-small:0;--awb-spacing-right-small:1.92%;--awb-spacing-left-small:1.92%;\"><div class=\"fusion-column-wrapper fusion-column-has-shadow fusion-flex-justify-content-flex-start fusion-content-layout-column\"><div class=\"fusion-text fusion-text-3\"><h2>Name und Adresse<\/h2>\n<p>Anastasiia Immobilien<\/p>\n<p>Anastasiia Hahn<br \/>\nEngelblecker Stra\u00dfe 144b<br \/>\n41066 M\u00f6nchengladbach<\/p>\n<h2>Kontakt<\/h2>\n<p>Telefon: +49 21 61 \u2013 30 91 42<br \/>\nE-Mail: <a href=\"mailto:info@anastasiia-immobilien.com\">info@anastasiia-immobilien.com<\/a><\/p>\n<h2>Gewerbeanmeldung<\/h2>\n<p>Die Gewerbeerlaubnis nach \u00a7 34C GewO GewO wurde am 13.06.2025\u00a0von folgender Stelle erteilt: Ordnungsamt M\u00f6nchengladbach.<\/p>\n<h2>Aufsichtsbeh\u00f6rde<\/h2>\n<p>Stadt M\u00f6nchengladbach<br \/>\nAmt f\u00fcr Ordnung u. Stra\u00dfenverkehr<br \/>\nHauptstra\u00dfe 162 &#8211; 168<br \/>\n41236 M\u00f6nchengladbach<\/p>\n<p>IHK Mittlerer Niederrhein, Krefeld<\/p>\n<p>Es wird ausge\u00fcbt: Maklert\u00e4tigkeiten gem. \u00a7 34c GewO: Erlaubnis zur Vermittlung des Abschlusses und Nachweis der Gelegenheit zum Abschluss von Vertr\u00e4gen \u00fcber Grundst\u00fccke, grundst\u00fccksgleiche Rechte, Wohnr\u00e4ume, gewerbliche R\u00e4ume.<\/p>\n<h2>Redaktionell verantwortlich<\/h2>\n<p>Anastasiia Hahn<br \/>\nEngelblecker Stra\u00dfe 144b<br \/>\n41066 M\u00f6nchengladbach<\/p>\n<h2>Hinweis gem\u00e4\u00df \u00a7 36 VSBG:<\/h2>\n<p>Anastasiia Immobilien, Anastasiia Hahn, ist nicht verpflichtet und nicht bereit, an einem Streitbeilegungsverfahren vor einer Verbraucherschlichtungsstelle teilzunehmen.<\/p>\n<h2>Website-Konzept und Umsetzung<\/h2>\n<p>Detayls &#8211; Agentur f\u00fcr Marketing und Design<br \/>\n<a href=\"https:\/\/www.detayls.de\">www.detayls.de<\/a><\/p>\n<\/div><div class=\"fusion-separator fusion-full-width-sep\" style=\"align-self: center;margin-left: auto;margin-right: auto;margin-bottom:50px;width:100%;\"><\/div><div class=\"accordian fusion-accordian\" style=\"--awb-border-size:1px;--awb-icon-size:16px;--awb-content-font-size:var(--awb-typography4-font-size);--awb-icon-alignment:left;--awb-hover-color:var(--awb-color2);--awb-border-color:var(--awb-color3);--awb-background-color:var(--awb-color1);--awb-divider-color:var(--awb-color3);--awb-divider-hover-color:var(--awb-color3);--awb-icon-color:var(--awb-color1);--awb-title-color:var(--awb-color8);--awb-content-color:var(--awb-color8);--awb-icon-box-color:var(--awb-color8);--awb-toggle-hover-accent-color:var(--awb-color5);--awb-title-font-family:var(--awb-typography4-font-family);--awb-title-font-weight:var(--awb-typography4-font-weight);--awb-title-font-style:var(--awb-typography4-font-style);--awb-title-font-size:var(--awb-typography4-font-size);--awb-title-letter-spacing:var(--awb-typography1-letter-spacing);--awb-title-line-height:var(--awb-typography1-line-height);--awb-content-font-family:var(--awb-typography4-font-family);--awb-content-font-weight:var(--awb-typography4-font-weight);--awb-content-font-style:var(--awb-typography4-font-style);\"><div class=\"panel-group fusion-toggle-icon-boxed\" id=\"accordion-1923-1\"><div class=\"fusion-panel panel-default panel-2b9ce2201b18a8751 fusion-toggle-no-divider\" style=\"--awb-title-color:var(--awb-color8);--awb-content-color:var(--awb-color8);\"><div class=\"panel-heading\"><h2 class=\"panel-title toggle\" id=\"toggle_2b9ce2201b18a8751\"><a aria-expanded=\"false\" aria-controls=\"2b9ce2201b18a8751\" role=\"button\" data-toggle=\"collapse\" data-parent=\"#accordion-1923-1\" data-target=\"#2b9ce2201b18a8751\" href=\"#2b9ce2201b18a8751\"><span class=\"fusion-toggle-icon-wrapper\" aria-hidden=\"true\"><i class=\"fa-fusion-box active-icon awb-icon-minus\" aria-hidden=\"true\"><\/i><i class=\"fa-fusion-box inactive-icon awb-icon-plus\" aria-hidden=\"true\"><\/i><\/span><span class=\"fusion-toggle-heading\">Bildquellen<\/span><\/a><\/h2><\/div><div id=\"2b9ce2201b18a8751\" class=\"panel-collapse collapse \" aria-labelledby=\"toggle_2b9ce2201b18a8751\"><div class=\"panel-body toggle-content fusion-clearfix\">\n<p><img decoding=\"async\" class=\"lazyload alignnone size-thumbnail wp-image-1735\" src=\"https:\/\/www.anastasiia-immobilien.com\/wp-content\/uploads\/2025\/11\/immobilie-verkaufen-150x150.jpg\" data-orig-src=\"https:\/\/www.anastasiia-immobilien.com\/wp-content\/uploads\/2025\/11\/immobilie-verkaufen-150x150.jpg\" alt=\"\" width=\"150\" height=\"150\" srcset=\"data:image\/svg+xml,%3Csvg%20xmlns%3D%27http%3A%2F%2Fwww.w3.org%2F2000%2Fsvg%27%20width%3D%27150%27%20height%3D%27150%27%20viewBox%3D%270%200%20150%20150%27%3E%3Crect%20width%3D%27150%27%20height%3D%27150%27%20fill-opacity%3D%220%22%2F%3E%3C%2Fsvg%3E\" data-srcset=\"https:\/\/www.anastasiia-immobilien.com\/wp-content\/uploads\/2025\/11\/immobilie-verkaufen-66x66.jpg 66w, https:\/\/www.anastasiia-immobilien.com\/wp-content\/uploads\/2025\/11\/immobilie-verkaufen-150x150.jpg 150w\" data-sizes=\"auto\" data-orig-sizes=\"(max-width: 150px) 100vw, 150px\" \/><\/p>\n<p>s-motive via stock.adobe.com<\/p>\n<p><img decoding=\"async\" class=\"lazyload alignnone size-thumbnail wp-image-1408\" src=\"https:\/\/www.anastasiia-immobilien.com\/wp-content\/uploads\/2025\/11\/moderne-neubausiedlung-150x150.jpg\" data-orig-src=\"https:\/\/www.anastasiia-immobilien.com\/wp-content\/uploads\/2025\/11\/moderne-neubausiedlung-150x150.jpg\" alt=\"\" width=\"150\" height=\"150\" srcset=\"data:image\/svg+xml,%3Csvg%20xmlns%3D%27http%3A%2F%2Fwww.w3.org%2F2000%2Fsvg%27%20width%3D%27150%27%20height%3D%27150%27%20viewBox%3D%270%200%20150%20150%27%3E%3Crect%20width%3D%27150%27%20height%3D%27150%27%20fill-opacity%3D%220%22%2F%3E%3C%2Fsvg%3E\" data-srcset=\"https:\/\/www.anastasiia-immobilien.com\/wp-content\/uploads\/2025\/11\/moderne-neubausiedlung-66x66.jpg 66w, https:\/\/www.anastasiia-immobilien.com\/wp-content\/uploads\/2025\/11\/moderne-neubausiedlung-150x150.jpg 150w\" data-sizes=\"auto\" data-orig-sizes=\"(max-width: 150px) 100vw, 150px\" \/><\/p>\n<p>js-photo via stock.adobe.com<\/p>\n<p><img decoding=\"async\" class=\"lazyload alignnone size-thumbnail wp-image-2338\" src=\"https:\/\/www.anastasiia-immobilien.com\/wp-content\/uploads\/2026\/01\/AdobeStock_122307094-150x150.jpeg\" data-orig-src=\"https:\/\/www.anastasiia-immobilien.com\/wp-content\/uploads\/2026\/01\/AdobeStock_122307094-150x150.jpeg\" alt=\"\" width=\"150\" height=\"150\" srcset=\"data:image\/svg+xml,%3Csvg%20xmlns%3D%27http%3A%2F%2Fwww.w3.org%2F2000%2Fsvg%27%20width%3D%27150%27%20height%3D%27150%27%20viewBox%3D%270%200%20150%20150%27%3E%3Crect%20width%3D%27150%27%20height%3D%27150%27%20fill-opacity%3D%220%22%2F%3E%3C%2Fsvg%3E\" data-srcset=\"https:\/\/www.anastasiia-immobilien.com\/wp-content\/uploads\/2026\/01\/AdobeStock_122307094-66x66.jpeg 66w, https:\/\/www.anastasiia-immobilien.com\/wp-content\/uploads\/2026\/01\/AdobeStock_122307094-150x150.jpeg 150w\" data-sizes=\"auto\" data-orig-sizes=\"(max-width: 150px) 100vw, 150px\" \/><\/p>\n<p>elxeneize via stock.adobe.com<\/p>\n<p><img decoding=\"async\" class=\"lazyload alignnone size-thumbnail wp-image-2339\" src=\"https:\/\/www.anastasiia-immobilien.com\/wp-content\/uploads\/2026\/01\/AdobeStock_304296745-150x150.jpeg\" data-orig-src=\"https:\/\/www.anastasiia-immobilien.com\/wp-content\/uploads\/2026\/01\/AdobeStock_304296745-150x150.jpeg\" alt=\"\" width=\"150\" height=\"150\" srcset=\"data:image\/svg+xml,%3Csvg%20xmlns%3D%27http%3A%2F%2Fwww.w3.org%2F2000%2Fsvg%27%20width%3D%27150%27%20height%3D%27150%27%20viewBox%3D%270%200%20150%20150%27%3E%3Crect%20width%3D%27150%27%20height%3D%27150%27%20fill-opacity%3D%220%22%2F%3E%3C%2Fsvg%3E\" data-srcset=\"https:\/\/www.anastasiia-immobilien.com\/wp-content\/uploads\/2026\/01\/AdobeStock_304296745-66x66.jpeg 66w, https:\/\/www.anastasiia-immobilien.com\/wp-content\/uploads\/2026\/01\/AdobeStock_304296745-150x150.jpeg 150w\" data-sizes=\"auto\" data-orig-sizes=\"(max-width: 150px) 100vw, 150px\" \/><\/p>\n<p>elxeneize via stock.adobe.com<\/p>\n<p><img decoding=\"async\" class=\"lazyload alignnone size-thumbnail wp-image-2340\" src=\"https:\/\/www.anastasiia-immobilien.com\/wp-content\/uploads\/2026\/01\/AdobeStock_290121632-150x150.jpeg\" data-orig-src=\"https:\/\/www.anastasiia-immobilien.com\/wp-content\/uploads\/2026\/01\/AdobeStock_290121632-150x150.jpeg\" alt=\"\" width=\"150\" height=\"150\" srcset=\"data:image\/svg+xml,%3Csvg%20xmlns%3D%27http%3A%2F%2Fwww.w3.org%2F2000%2Fsvg%27%20width%3D%27150%27%20height%3D%27150%27%20viewBox%3D%270%200%20150%20150%27%3E%3Crect%20width%3D%27150%27%20height%3D%27150%27%20fill-opacity%3D%220%22%2F%3E%3C%2Fsvg%3E\" data-srcset=\"https:\/\/www.anastasiia-immobilien.com\/wp-content\/uploads\/2026\/01\/AdobeStock_290121632-66x66.jpeg 66w, https:\/\/www.anastasiia-immobilien.com\/wp-content\/uploads\/2026\/01\/AdobeStock_290121632-150x150.jpeg 150w\" data-sizes=\"auto\" data-orig-sizes=\"(max-width: 150px) 100vw, 150px\" \/><\/p>\n<p>Novanture via stock.adobe.com<\/p>\n<p><img decoding=\"async\" class=\"lazyload alignnone size-thumbnail wp-image-2341\" src=\"https:\/\/www.anastasiia-immobilien.com\/wp-content\/uploads\/2026\/01\/AdobeStock_281193523-150x150.jpeg\" data-orig-src=\"https:\/\/www.anastasiia-immobilien.com\/wp-content\/uploads\/2026\/01\/AdobeStock_281193523-150x150.jpeg\" alt=\"\" width=\"150\" height=\"150\" srcset=\"data:image\/svg+xml,%3Csvg%20xmlns%3D%27http%3A%2F%2Fwww.w3.org%2F2000%2Fsvg%27%20width%3D%27150%27%20height%3D%27150%27%20viewBox%3D%270%200%20150%20150%27%3E%3Crect%20width%3D%27150%27%20height%3D%27150%27%20fill-opacity%3D%220%22%2F%3E%3C%2Fsvg%3E\" data-srcset=\"https:\/\/www.anastasiia-immobilien.com\/wp-content\/uploads\/2026\/01\/AdobeStock_281193523-66x66.jpeg 66w, https:\/\/www.anastasiia-immobilien.com\/wp-content\/uploads\/2026\/01\/AdobeStock_281193523-150x150.jpeg 150w\" data-sizes=\"auto\" data-orig-sizes=\"(max-width: 150px) 100vw, 150px\" \/><\/p>\n<p>js-photo via stock.adobe.com<\/p>\n<p><img decoding=\"async\" class=\"lazyload alignnone size-thumbnail wp-image-1409\" src=\"https:\/\/www.anastasiia-immobilien.com\/wp-content\/uploads\/2025\/11\/luftaufnahme-einer-kleinstadt-150x150.jpg\" data-orig-src=\"https:\/\/www.anastasiia-immobilien.com\/wp-content\/uploads\/2025\/11\/luftaufnahme-einer-kleinstadt-150x150.jpg\" alt=\"\" width=\"150\" height=\"150\" srcset=\"data:image\/svg+xml,%3Csvg%20xmlns%3D%27http%3A%2F%2Fwww.w3.org%2F2000%2Fsvg%27%20width%3D%27150%27%20height%3D%27150%27%20viewBox%3D%270%200%20150%20150%27%3E%3Crect%20width%3D%27150%27%20height%3D%27150%27%20fill-opacity%3D%220%22%2F%3E%3C%2Fsvg%3E\" data-srcset=\"https:\/\/www.anastasiia-immobilien.com\/wp-content\/uploads\/2025\/11\/luftaufnahme-einer-kleinstadt-66x66.jpg 66w, https:\/\/www.anastasiia-immobilien.com\/wp-content\/uploads\/2025\/11\/luftaufnahme-einer-kleinstadt-150x150.jpg 150w\" data-sizes=\"auto\" data-orig-sizes=\"(max-width: 150px) 100vw, 150px\" \/><\/p>\n<p>Christian Schwier via stock.adobe.com<\/p>\n<\/div><\/div><\/div><\/div><\/div><\/div><\/div><\/div><\/div><\/p>\n","protected":false},"excerpt":{"rendered":"","protected":false},"author":1,"featured_media":0,"parent":0,"menu_order":0,"comment_status":"closed","ping_status":"closed","template":"100-width.php","meta":{"footnotes":""},"class_list":["post-1923","page","type-page","status-publish","hentry"],"_links":{"self":[{"href":"https:\/\/www.anastasiia-immobilien.com\/ru\/wp-json\/wp\/v2\/pages\/1923","targetHints":{"allow":["GET"]}}],"collection":[{"href":"https:\/\/www.anastasiia-immobilien.com\/ru\/wp-json\/wp\/v2\/pages"}],"about":[{"href":"https:\/\/www.anastasiia-immobilien.com\/ru\/wp-json\/wp\/v2\/types\/page"}],"author":[{"embeddable":true,"href":"https:\/\/www.anastasiia-immobilien.com\/ru\/wp-json\/wp\/v2\/users\/1"}],"replies":[{"embeddable":true,"href":"https:\/\/www.anastasiia-immobilien.com\/ru\/wp-json\/wp\/v2\/comments?post=1923"}],"version-history":[{"count":3,"href":"https:\/\/www.anastasiia-immobilien.com\/ru\/wp-json\/wp\/v2\/pages\/1923\/revisions"}],"predecessor-version":[{"id":2347,"href":"https:\/\/www.anastasiia-immobilien.com\/ru\/wp-json\/wp\/v2\/pages\/1923\/revisions\/2347"}],"wp:attachment":[{"href":"https:\/\/www.anastasiia-immobilien.com\/ru\/wp-json\/wp\/v2\/media?parent=1923"}],"curies":[{"name":"wp","href":"https:\/\/api.w.org\/{rel}","templated":true}]}}